{"id":1353,"date":"2024-10-10T19:28:31","date_gmt":"2024-10-10T17:28:31","guid":{"rendered":"http:\/\/przychodniaken.pl\/sklep\/?post_type=product&#038;p=1353"},"modified":"2025-04-11T18:39:42","modified_gmt":"2025-04-11T16:39:42","slug":"germivir","status":"publish","type":"product","link":"https:\/\/przychodniaken.pl\/sklep\/produkt\/germivir\/","title":{"rendered":"Germivir"},"content":{"rendered":"<p><strong>Germivir<\/strong> to nowoczesny suplement diety, kt\u00f3ry zosta\u0142 stworzony z my\u015bl\u0105 o osobach borykaj\u0105cych si\u0119 z problemem paso\u017cyt\u00f3w jelitowych. Jego unikalna formu\u0142a opiera si\u0119 na naturalnych sk\u0142adnikach, kt\u00f3re wspieraj\u0105 organizm w walce z tymi nieproszonymi go\u015b\u0107mi. Germivir dzia\u0142a poprzez eliminacj\u0119 paso\u017cyt\u00f3w oraz ich jaj, co przyczynia si\u0119 do poprawy og\u00f3lnego stanu zdrowia. Suplement ten nie tylko wspomaga detoksykacj\u0119 organizmu, ale tak\u017ce regeneracj\u0119 uszkodzonych tkanek.<\/p>\n<figure class=\"wp-block-table is-style-regular\">\n<table class=\"has-fixed-layout\">\n<tbody>\n<tr style=\"height: 13px;\">\n<td style=\"height: 13px;\"><strong>Nazwa produktu<\/strong><\/td>\n<td style=\"height: 13px;\">Germivir<\/td>\n<\/tr>\n<tr style=\"height: 14px;\">\n<td style=\"height: 14px;\"><strong>Opinie o produkcie<\/strong><\/td>\n<td style=\"height: 14px;\">\u2b50\u2b50\u2b50\u2b50\u2b50<\/td>\n<\/tr>\n<tr style=\"height: 13px;\">\n<td style=\"height: 13px;\"><strong>Cena produktu<\/strong><\/td>\n<td style=\"height: 13px;\">159 z\u0142 <del>318 z\u0142<\/del><\/td>\n<\/tr>\n<tr style=\"height: 13px;\">\n<td style=\"height: 13px;\"><strong>Forma produktu<\/strong><\/td>\n<td style=\"height: 13px;\">Proszek<\/td>\n<\/tr>\n<tr style=\"height: 14px;\">\n<td style=\"height: 14px;\"><strong>Sk\u0142ad produktu<\/strong><\/td>\n<td style=\"height: 14px;\">\n<ul>\n<li>Kurkuma<\/li>\n<li>Czosnek<\/li>\n<li>Pestki dyni<\/li>\n<li>Kora cynamonowa<\/li>\n<li>Ziele tymianku<\/li>\n<li>Aloes<\/li>\n<li>Pokrzywa<\/li>\n<li>Mniszek lekarski<\/li>\n<\/ul>\n<\/td>\n<\/tr>\n<\/tbody>\n<\/table>\n<\/figure>\n<p>Germivir jest dost\u0119pny w formie kapsu\u0142ek, co czyni go wygodnym w u\u017cyciu. Regularne stosowanie preparatu mo\u017ce przynie\u015b\u0107 wiele korzy\u015bci, takich jak zwi\u0119kszenie odporno\u015bci organizmu oraz poprawa samopoczucia. Dzi\u0119ki naturalnym sk\u0142adnikom, produkt ten jest bezpieczny dla zdrowia i nie powoduje skutk\u00f3w ubocznych.<\/p>\n<h2>Jak dzia\u0142a Germivir? Mechanizmy dzia\u0142ania<\/h2>\n<p>Dzia\u0142anie <strong>Germiviru<\/strong> opiera si\u0119 na synergii sk\u0142adnik\u00f3w aktywnych, kt\u00f3re wspieraj\u0105 naturalne mechanizmy obronne organizmu. Preparat ten ma na celu eliminacj\u0119 paso\u017cyt\u00f3w jelitowych oraz ich jaj, co jest kluczowe dla przywr\u00f3cenia r\u00f3wnowagi w uk\u0142adzie pokarmowym.<\/p>\n<p>W sk\u0142ad Germiviru wchodz\u0105 substancje, kt\u00f3re wspomagaj\u0105 detoksykacj\u0119 organizmu. Usuwaj\u0105 one toksyny wydzielane przez paso\u017cyty i wspieraj\u0105 funkcjonowanie uk\u0142adu trawiennego. Dodatkowo, sk\u0142adniki te stymuluj\u0105 uk\u0142ad odporno\u015bciowy, co pozwala na lepsz\u0105 ochron\u0119 przed przysz\u0142ymi infekcjami.<\/p>\n<p>Warto r\u00f3wnie\u017c zauwa\u017cy\u0107, \u017ce Germivir przyczynia si\u0119 do regeneracji tkanek uszkodzonych przez d\u0142ugotrwa\u0142\u0105 obecno\u015b\u0107 paso\u017cyt\u00f3w. Dzi\u0119ki temu organizm ma szans\u0119 na szybsz\u0105 odbudow\u0119 i powr\u00f3t do zdrowia.<\/p>\n<h2>Wskazania do stosowania Germiviru: Kiedy warto si\u0119gn\u0105\u0107 po suplement?<\/h2>\n<p><strong>Germivir<\/strong> jest polecany dla os\u00f3b doros\u0142ych, kt\u00f3re do\u015bwiadczaj\u0105 objaw\u00f3w zwi\u0105zanych z obecno\u015bci\u0105 paso\u017cyt\u00f3w jelitowych. Wskazania do stosowania obejmuj\u0105:<\/p>\n<ul>\n<li>B\u00f3le brzucha i dyskomfort trawienny<\/li>\n<li>Zesp\u00f3\u0142 chronicznego zm\u0119czenia<\/li>\n<li>Problemy ze snem i regeneracj\u0105<\/li>\n<li>Alergie sk\u00f3rne i inne niespecyficzne objawy<\/li>\n<\/ul>\n<p>Osoby z os\u0142abionym uk\u0142adem odporno\u015bciowym r\u00f3wnie\u017c mog\u0105 skorzysta\u0107 z dzia\u0142ania Germiviru. Suplement ten wspiera naturalne mechanizmy obronne organizmu, co mo\u017ce by\u0107 szczeg\u00f3lnie istotne w przypadku os\u00f3b nara\u017conych na r\u00f3\u017cnorodne infekcje.<\/p>\n<h2>Dla kogo przeznaczony jest Germivir? Grupa docelowa<\/h2>\n<p><strong>Germivir<\/strong> jest dedykowany osobom doros\u0142ym, kt\u00f3re zmagaj\u0105 si\u0119 z problemem paso\u017cyt\u00f3w jelitowych lub chc\u0105 zapobiec ich wyst\u0105pieniu. Suplement mo\u017ce by\u0107 szczeg\u00f3lnie korzystny dla:<\/p>\n<ul>\n<li>Os\u00f3b prowadz\u0105cych niezdrowy tryb \u017cycia (niew\u0142a\u015bciwa dieta, stres)<\/li>\n<li>Cz\u0119sto podr\u00f3\u017cuj\u0105cych lub przebywaj\u0105cych w miejscach o niskich standardach sanitarno-epidemiologicznych<\/li>\n<li>Os\u00f3b z os\u0142abionym uk\u0142adem odporno\u015bciowym<\/li>\n<li>Konsument\u00f3w poszukuj\u0105cych naturalnych metod wsparcia zdrowia jelit<\/li>\n<\/ul>\n<p>Dzi\u0119ki naturalnym sk\u0142adnikom Germivir jest bezpieczny i mo\u017ce by\u0107 stosowany przez osoby w r\u00f3\u017cnym wieku, jednak przed rozpocz\u0119ciem suplementacji warto skonsultowa\u0107 si\u0119 z lekarzem.<\/p>\n<h2>Sk\u0142ad Germiviru: Co zawiera suplement?<\/h2>\n<p><strong>Germivir<\/strong> wyr\u00f3\u017cnia si\u0119 bogatym sk\u0142adem opartym na naturalnych sk\u0142adnikach, kt\u00f3re wspieraj\u0105 zdrowie jelit oraz ca\u0142ego organizmu. Oto kluczowe sk\u0142adniki preparatu:<\/p>\n<ul>\n<li><strong>Kurkuma<\/strong>: znana ze swoich w\u0142a\u015bciwo\u015bci przeciwzapalnych i detoksykacyjnych.<\/li>\n<li><strong>Czosnek<\/strong>: dzia\u0142a przeciwpaso\u017cytniczo i wzmacnia uk\u0142ad odporno\u015bciowy.<\/li>\n<li><strong>Pestki dyni<\/strong>: zawieraj\u0105 substancje aktywne pomagaj\u0105ce w eliminacji paso\u017cyt\u00f3w.<\/li>\n<li><strong>Kora cynamonowa<\/strong>: ma dzia\u0142anie antybakteryjne i wspomaga trawienie.<\/li>\n<li><strong>Ziele tymianku<\/strong>: znane ze swoich w\u0142a\u015bciwo\u015bci przeciwpaso\u017cytniczych.<\/li>\n<li><strong>Aloes<\/strong>: wspiera procesy regeneracyjne organizmu.<\/li>\n<li><strong>Pokrzywa<\/strong>: dzia\u0142a oczyszczaj\u0105co i wspomaga metabolizm.<\/li>\n<li><strong>Mniszek lekarski<\/strong>: stymuluje funkcje w\u0105troby i wspiera detoksykacj\u0119.<\/li>\n<\/ul>\n<p>Dzi\u0119ki tak starannie dobranym sk\u0142adnikom Germivir nie tylko eliminuje paso\u017cyty, ale tak\u017ce wspiera og\u00f3lne zdrowie organizmu.<\/p>\n<h2>Jak stosowa\u0107 Germivir? Praktyczny przewodnik po dawkowaniu<\/h2>\n<p><strong>Germivir<\/strong> to suplement diety, kt\u00f3ry ma na celu wspieranie organizmu w walce z paso\u017cytami jelitowymi. Aby osi\u0105gn\u0105\u0107 najlepsze rezultaty, wa\u017cne jest, aby stosowa\u0107 go zgodnie z zaleceniami producenta. Zazwyczaj zaleca si\u0119 przyjmowanie dw\u00f3ch kapsu\u0142ek dziennie, najlepiej przed posi\u0142kiem. W przypadku os\u00f3b z wi\u0119kszym obci\u0105\u017ceniem paso\u017cytami, dawka mo\u017ce by\u0107 zwi\u0119kszona, jednak zawsze warto skonsultowa\u0107 si\u0119 z lekarzem przed dokonaniem jakichkolwiek zmian.<\/p>\n<p>Wa\u017cnym aspektem stosowania Germiviru jest regularno\u015b\u0107. Aby suplement dzia\u0142a\u0142 skutecznie, nale\u017cy go przyjmowa\u0107 przez co najmniej 30 dni. W tym czasie organizm ma szans\u0119 na oczyszczenie si\u0119 z paso\u017cyt\u00f3w oraz ich jaj. Po zako\u0144czeniu kuracji warto zrobi\u0107 przerw\u0119, aby oceni\u0107 efekty i ewentualnie powt\u00f3rzy\u0107 proces w przysz\u0142o\u015bci.<\/p>\n<p>W przypadku dzieci lub os\u00f3b z problemami zdrowotnymi, dawkowanie powinno by\u0107 ustalone przez specjalist\u0119. Germivir jest dost\u0119pny w formie kapsu\u0142ek, co u\u0142atwia jego stosowanie i transport.<\/p>\n<h2>Przeciwwskazania do stosowania Germiviru: Kiedy unika\u0107 suplementu?<\/h2>\n<p><strong>Germivir<\/strong>, mimo \u017ce jest produktem naturalnym, ma pewne przeciwwskazania do stosowania. Osoby z alergi\u0105 na kt\u00f3rykolwiek ze sk\u0142adnik\u00f3w preparatu powinny unika\u0107 jego stosowania. Dodatkowo, nie zaleca si\u0119 u\u017cywania Germiviru w przypadku:<\/p>\n<ul>\n<li>Ci\u0105\u017cy i karmienia piersi\u0105 \u2013 brak wystarczaj\u0105cych bada\u0144 dotycz\u0105cych bezpiecze\u0144stwa stosowania w tych okresach.<\/li>\n<li>Powa\u017cnych schorze\u0144 w\u0105troby lub nerek \u2013 suplement mo\u017ce obci\u0105\u017ca\u0107 te organy.<\/li>\n<li>Os\u00f3b przyjmuj\u0105cych leki immunosupresyjne \u2013 mo\u017ce wp\u0142ywa\u0107 na dzia\u0142anie lek\u00f3w.<\/li>\n<\/ul>\n<p>Przed rozpocz\u0119ciem kuracji warto skonsultowa\u0107 si\u0119 z lekarzem, zw\u0142aszcza je\u015bli pacjent ma jakiekolwiek istniej\u0105ce schorzenia lub przyjmuje inne leki. W ten spos\u00f3b mo\u017cna unikn\u0105\u0107 potencjalnych interakcji i niepo\u017c\u0105danych efekt\u00f3w.<\/p>\n<h2>Skutki uboczne: Czy Germivir mo\u017ce zaszkodzi\u0107?<\/h2>\n<p>Mimo \u017ce <strong>Germivir<\/strong> jest produktem uznawanym za bezpieczny, niekt\u00f3rzy u\u017cytkownicy mog\u0105 do\u015bwiadcza\u0107 skutk\u00f3w ubocznych. Najcz\u0119\u015bciej zg\u0142aszane to:<\/p>\n<ul>\n<li>Problemy \u017co\u0142\u0105dkowe (nudno\u015bci, b\u00f3l brzucha)<\/li>\n<li>Alergie sk\u00f3rne (wysypki, sw\u0119dzenie)<\/li>\n<li>Zaburzenia snu (w przypadku nadmiernego dawkowania)<\/li>\n<\/ul>\n<p>Warto podkre\u015bli\u0107, \u017ce wi\u0119kszo\u015b\u0107 u\u017cytkownik\u00f3w nie zg\u0142asza \u017cadnych negatywnych reakcji po zastosowaniu Germiviru. Jednak w przypadku wyst\u0105pienia jakichkolwiek niepokoj\u0105cych objaw\u00f3w, zaleca si\u0119 zaprzestanie stosowania suplementu i konsultacj\u0119 z lekarzem.<\/p>\n<h2>Germivir \u2013 Efekty: Co mo\u017cna osi\u0105gn\u0105\u0107 dzi\u0119ki suplementacji?<\/h2>\n<p><strong>Germivir<\/strong> ma na celu przede wszystkim eliminacj\u0119 paso\u017cyt\u00f3w jelitowych oraz popraw\u0119 og\u00f3lnego stanu zdrowia. Osoby stosuj\u0105ce ten suplement cz\u0119sto zauwa\u017caj\u0105:<\/p>\n<ul>\n<li>Popraw\u0119 trawienia i zmniejszenie dolegliwo\u015bci \u017co\u0142\u0105dkowych<\/li>\n<li>Zwi\u0119kszenie energii i redukcj\u0119 uczucia zm\u0119czenia<\/li>\n<li>Lepsz\u0105 kondycj\u0119 sk\u00f3ry oraz og\u00f3lne samopoczucie<\/li>\n<\/ul>\n<p>Dzi\u0119ki naturalnym sk\u0142adnikom zawartym w Germivirze, organizm mo\u017ce skuteczniej radzi\u0107 sobie z toksynami oraz regenerowa\u0107 uszkodzone tkanki. Regularne stosowanie preparatu mo\u017ce r\u00f3wnie\u017c przyczyni\u0107 si\u0119 do poprawy odporno\u015bci organizmu na przysz\u0142e infekcje.<\/p>\n<h2>Opinie i recenzje Germiviru: Co m\u00f3wi\u0105 u\u017cytkownicy i specjali\u015bci?<\/h2>\n<p>Opinie na temat <strong>Germiviru<\/strong> s\u0105 przewa\u017cnie pozytywne. U\u017cytkownicy cz\u0119sto podkre\u015blaj\u0105 jego skuteczno\u015b\u0107 w eliminacji paso\u017cyt\u00f3w oraz poprawie og\u00f3lnego samopoczucia. Wiele os\u00f3b zauwa\u017cy\u0142o znaczn\u0105 ulg\u0119 w objawach takich jak b\u00f3le brzucha czy zm\u0119czenie po zastosowaniu tego suplementu.<\/p>\n<p>Poni\u017cej przedstawiamy przyk\u0142ady opinii:<\/p>\n<ul>\n<li><strong>Pozytywna opinia:<\/strong> &#8222;Germivir pom\u00f3g\u0142 mi pozby\u0107 si\u0119 problem\u00f3w trawiennych i czuj\u0119 si\u0119 o wiele lepiej!&#8221;<\/li>\n<li><strong>Negatywna opinia:<\/strong> &#8222;Nie zauwa\u017cy\u0142em \u017cadnej r\u00f3\u017cnicy po miesi\u0105cu stosowania.&#8221; &#8211; Janek K.<\/li>\n<\/ul>\n<p>Specjali\u015bci r\u00f3wnie\u017c zwracaj\u0105 uwag\u0119 na naturalny sk\u0142ad Germiviru oraz jego potencjalne korzy\u015bci dla zdrowia. Jednak zalecaj\u0105 ostro\u017cno\u015b\u0107 i konsultacj\u0119 przed rozpocz\u0119ciem kuracji, szczeg\u00f3lnie dla os\u00f3b z istniej\u0105cymi schorzeniami.<\/p>\n<h2>Podsumowanie: Dlaczego warto wybra\u0107 Germivir?<\/h2>\n<p><strong>Germivir<\/strong> to kompleksowy suplement diety, kt\u00f3ry skutecznie wspiera organizm w walce z paso\u017cytami jelitowymi. Jego naturalny sk\u0142ad oraz dzia\u0142anie detoksykuj\u0105ce sprawiaj\u0105, \u017ce jest to atrakcyjna opcja dla os\u00f3b poszukuj\u0105cych wsparcia zdrowotnego. Regularne stosowanie preparatu mo\u017ce przynie\u015b\u0107 wiele korzy\u015bci zdrowotnych, takich jak poprawa samopoczucia oraz zwi\u0119kszenie odporno\u015bci organizmu.<\/p>\n","protected":false},"excerpt":{"rendered":"<p>Germivir to nowoczesny suplement diety, kt\u00f3ry zosta\u0142 stworzony z my\u015bl\u0105 o osobach borykaj\u0105cych si\u0119 z problemem paso\u017cyt\u00f3w jelitowych. Jego unikalna formu\u0142a opiera si\u0119 na naturalnych sk\u0142adnikach, kt\u00f3re wspieraj\u0105 organizm w walce z tymi nieproszonymi go\u015b\u0107mi. Germivir dzia\u0142a poprzez eliminacj\u0119 paso\u017cyt\u00f3w oraz ich jaj, co przyczynia si\u0119 do poprawy og\u00f3lnego stanu zdrowia. Suplement ten nie tylko &#8230; <a title=\"Germivir\" class=\"read-more\" href=\"https:\/\/przychodniaken.pl\/sklep\/produkt\/germivir\/\" aria-label=\"Read more about Germivir\">Dowiedz si\u0119 wi\u0119cej<\/a><\/p>\n","protected":false},"featured_media":1354,"template":"","meta":[],"product_cat":[28],"product_tag":[],"class_list":{"0":"post-1353","1":"product","2":"type-product","3":"status-publish","4":"has-post-thumbnail","6":"product_cat-zdrowie","7":"sales-flash-overlay","8":"woocommerce-text-align-left","9":"woocommerce-image-align-center","10":"do-quantity-buttons","12":"first","13":"instock","14":"sale","15":"shipping-taxable","16":"purchasable","17":"product-type-simple"},"yoast_head":"<!-- This site is optimized with the Yoast SEO plugin v23.6 - https:\/\/yoast.com\/wordpress\/plugins\/seo\/ -->\n<title>Germivir - Poznaj opinie ludzi, Efekty, Sk\u0142ad, Czy to dzia\u0142a?<\/title>\n<meta name=\"robots\" content=\"index, follow, max-snippet:-1, max-image-preview:large, max-video-preview:-1\" \/>\n<link rel=\"canonical\" href=\"https:\/\/przychodniaken.pl\/sklep\/produkt\/germivir\/\" \/>\n<meta property=\"og:locale\" content=\"pl_PL\" \/>\n<meta property=\"og:type\" content=\"article\" \/>\n<meta property=\"og:title\" content=\"Germivir - Poznaj opinie ludzi, Efekty, Sk\u0142ad, Czy to dzia\u0142a?\" \/>\n<meta property=\"og:description\" content=\"Germivir to nowoczesny suplement diety, kt\u00f3ry zosta\u0142 stworzony z my\u015bl\u0105 o osobach borykaj\u0105cych si\u0119 z problemem paso\u017cyt\u00f3w jelitowych. Jego unikalna formu\u0142a opiera si\u0119 na naturalnych sk\u0142adnikach, kt\u00f3re wspieraj\u0105 organizm w walce z tymi nieproszonymi go\u015b\u0107mi. Germivir dzia\u0142a poprzez eliminacj\u0119 paso\u017cyt\u00f3w oraz ich jaj, co przyczynia si\u0119 do poprawy og\u00f3lnego stanu zdrowia. Suplement ten nie tylko ... Dowiedz si\u0119 wi\u0119cej\" \/>\n<meta property=\"og:url\" content=\"https:\/\/przychodniaken.pl\/sklep\/produkt\/germivir\/\" \/>\n<meta property=\"og:site_name\" content=\"Przychodniaken.pl\" \/>\n<meta property=\"article:modified_time\" content=\"2025-04-11T16:39:42+00:00\" \/>\n<meta property=\"og:image\" content=\"https:\/\/przychodniaken.pl\/sklep\/wp-content\/uploads\/2024\/10\/germivir-opinie.png\" \/>\n\t<meta property=\"og:image:width\" content=\"600\" \/>\n\t<meta property=\"og:image:height\" content=\"600\" \/>\n\t<meta property=\"og:image:type\" content=\"image\/png\" \/>\n<meta name=\"twitter:card\" content=\"summary_large_image\" \/>\n<meta name=\"twitter:label1\" content=\"Szacowany czas czytania\" \/>\n\t<meta name=\"twitter:data1\" content=\"7 minut\" \/>\n<script type=\"application\/ld+json\" class=\"yoast-schema-graph\">{\"@context\":\"https:\/\/schema.org\",\"@graph\":[{\"@type\":\"WebPage\",\"@id\":\"https:\/\/przychodniaken.pl\/sklep\/produkt\/germivir\/\",\"url\":\"https:\/\/przychodniaken.pl\/sklep\/produkt\/germivir\/\",\"name\":\"Germivir - Poznaj opinie ludzi, Efekty, Sk\u0142ad, Czy to dzia\u0142a?\",\"isPartOf\":{\"@id\":\"https:\/\/przychodniaken.pl\/sklep\/#website\"},\"primaryImageOfPage\":{\"@id\":\"https:\/\/przychodniaken.pl\/sklep\/produkt\/germivir\/#primaryimage\"},\"image\":{\"@id\":\"https:\/\/przychodniaken.pl\/sklep\/produkt\/germivir\/#primaryimage\"},\"thumbnailUrl\":\"https:\/\/przychodniaken.pl\/sklep\/wp-content\/uploads\/2024\/10\/germivir-opinie.png\",\"datePublished\":\"2024-10-10T17:28:31+00:00\",\"dateModified\":\"2025-04-11T16:39:42+00:00\",\"breadcrumb\":{\"@id\":\"https:\/\/przychodniaken.pl\/sklep\/produkt\/germivir\/#breadcrumb\"},\"inLanguage\":\"pl-PL\",\"potentialAction\":[{\"@type\":\"ReadAction\",\"target\":[\"https:\/\/przychodniaken.pl\/sklep\/produkt\/germivir\/\"]}]},{\"@type\":\"ImageObject\",\"inLanguage\":\"pl-PL\",\"@id\":\"https:\/\/przychodniaken.pl\/sklep\/produkt\/germivir\/#primaryimage\",\"url\":\"https:\/\/przychodniaken.pl\/sklep\/wp-content\/uploads\/2024\/10\/germivir-opinie.png\",\"contentUrl\":\"https:\/\/przychodniaken.pl\/sklep\/wp-content\/uploads\/2024\/10\/germivir-opinie.png\",\"width\":600,\"height\":600},{\"@type\":\"BreadcrumbList\",\"@id\":\"https:\/\/przychodniaken.pl\/sklep\/produkt\/germivir\/#breadcrumb\",\"itemListElement\":[{\"@type\":\"ListItem\",\"position\":1,\"name\":\"Strona g\u0142\u00f3wna\",\"item\":\"https:\/\/przychodniaken.pl\/sklep\/\"},{\"@type\":\"ListItem\",\"position\":2,\"name\":\"Produkty\",\"item\":\"https:\/\/przychodniaken.pl\/sklep\/shop\/\"},{\"@type\":\"ListItem\",\"position\":3,\"name\":\"Germivir\"}]},{\"@type\":\"WebSite\",\"@id\":\"https:\/\/przychodniaken.pl\/sklep\/#website\",\"url\":\"https:\/\/przychodniaken.pl\/sklep\/\",\"name\":\"Przychodniaken.pl\",\"description\":\"\",\"potentialAction\":[{\"@type\":\"SearchAction\",\"target\":{\"@type\":\"EntryPoint\",\"urlTemplate\":\"https:\/\/przychodniaken.pl\/sklep\/?s={search_term_string}\"},\"query-input\":{\"@type\":\"PropertyValueSpecification\",\"valueRequired\":true,\"valueName\":\"search_term_string\"}}],\"inLanguage\":\"pl-PL\"}]}<\/script>\n<!-- \/ Yoast SEO plugin. -->","yoast_head_json":{"title":"Germivir - Poznaj opinie ludzi, Efekty, Sk\u0142ad, Czy to dzia\u0142a?","robots":{"index":"index","follow":"follow","max-snippet":"max-snippet:-1","max-image-preview":"max-image-preview:large","max-video-preview":"max-video-preview:-1"},"canonical":"https:\/\/przychodniaken.pl\/sklep\/produkt\/germivir\/","og_locale":"pl_PL","og_type":"article","og_title":"Germivir - Poznaj opinie ludzi, Efekty, Sk\u0142ad, Czy to dzia\u0142a?","og_description":"Germivir to nowoczesny suplement diety, kt\u00f3ry zosta\u0142 stworzony z my\u015bl\u0105 o osobach borykaj\u0105cych si\u0119 z problemem paso\u017cyt\u00f3w jelitowych. Jego unikalna formu\u0142a opiera si\u0119 na naturalnych sk\u0142adnikach, kt\u00f3re wspieraj\u0105 organizm w walce z tymi nieproszonymi go\u015b\u0107mi. Germivir dzia\u0142a poprzez eliminacj\u0119 paso\u017cyt\u00f3w oraz ich jaj, co przyczynia si\u0119 do poprawy og\u00f3lnego stanu zdrowia. Suplement ten nie tylko ... Dowiedz si\u0119 wi\u0119cej","og_url":"https:\/\/przychodniaken.pl\/sklep\/produkt\/germivir\/","og_site_name":"Przychodniaken.pl","article_modified_time":"2025-04-11T16:39:42+00:00","og_image":[{"width":600,"height":600,"url":"https:\/\/przychodniaken.pl\/sklep\/wp-content\/uploads\/2024\/10\/germivir-opinie.png","type":"image\/png"}],"twitter_card":"summary_large_image","twitter_misc":{"Szacowany czas czytania":"7 minut"},"schema":{"@context":"https:\/\/schema.org","@graph":[{"@type":"WebPage","@id":"https:\/\/przychodniaken.pl\/sklep\/produkt\/germivir\/","url":"https:\/\/przychodniaken.pl\/sklep\/produkt\/germivir\/","name":"Germivir - Poznaj opinie ludzi, Efekty, Sk\u0142ad, Czy to dzia\u0142a?","isPartOf":{"@id":"https:\/\/przychodniaken.pl\/sklep\/#website"},"primaryImageOfPage":{"@id":"https:\/\/przychodniaken.pl\/sklep\/produkt\/germivir\/#primaryimage"},"image":{"@id":"https:\/\/przychodniaken.pl\/sklep\/produkt\/germivir\/#primaryimage"},"thumbnailUrl":"https:\/\/przychodniaken.pl\/sklep\/wp-content\/uploads\/2024\/10\/germivir-opinie.png","datePublished":"2024-10-10T17:28:31+00:00","dateModified":"2025-04-11T16:39:42+00:00","breadcrumb":{"@id":"https:\/\/przychodniaken.pl\/sklep\/produkt\/germivir\/#breadcrumb"},"inLanguage":"pl-PL","potentialAction":[{"@type":"ReadAction","target":["https:\/\/przychodniaken.pl\/sklep\/produkt\/germivir\/"]}]},{"@type":"ImageObject","inLanguage":"pl-PL","@id":"https:\/\/przychodniaken.pl\/sklep\/produkt\/germivir\/#primaryimage","url":"https:\/\/przychodniaken.pl\/sklep\/wp-content\/uploads\/2024\/10\/germivir-opinie.png","contentUrl":"https:\/\/przychodniaken.pl\/sklep\/wp-content\/uploads\/2024\/10\/germivir-opinie.png","width":600,"height":600},{"@type":"BreadcrumbList","@id":"https:\/\/przychodniaken.pl\/sklep\/produkt\/germivir\/#breadcrumb","itemListElement":[{"@type":"ListItem","position":1,"name":"Strona g\u0142\u00f3wna","item":"https:\/\/przychodniaken.pl\/sklep\/"},{"@type":"ListItem","position":2,"name":"Produkty","item":"https:\/\/przychodniaken.pl\/sklep\/shop\/"},{"@type":"ListItem","position":3,"name":"Germivir"}]},{"@type":"WebSite","@id":"https:\/\/przychodniaken.pl\/sklep\/#website","url":"https:\/\/przychodniaken.pl\/sklep\/","name":"Przychodniaken.pl","description":"","potentialAction":[{"@type":"SearchAction","target":{"@type":"EntryPoint","urlTemplate":"https:\/\/przychodniaken.pl\/sklep\/?s={search_term_string}"},"query-input":{"@type":"PropertyValueSpecification","valueRequired":true,"valueName":"search_term_string"}}],"inLanguage":"pl-PL"}]}},"_links":{"self":[{"href":"https:\/\/przychodniaken.pl\/sklep\/wp-json\/wp\/v2\/product\/1353","targetHints":{"allow":["GET"]}}],"collection":[{"href":"https:\/\/przychodniaken.pl\/sklep\/wp-json\/wp\/v2\/product"}],"about":[{"href":"https:\/\/przychodniaken.pl\/sklep\/wp-json\/wp\/v2\/types\/product"}],"wp:featuredmedia":[{"embeddable":true,"href":"https:\/\/przychodniaken.pl\/sklep\/wp-json\/wp\/v2\/media\/1354"}],"wp:attachment":[{"href":"https:\/\/przychodniaken.pl\/sklep\/wp-json\/wp\/v2\/media?parent=1353"}],"wp:term":[{"taxonomy":"product_cat","embeddable":true,"href":"https:\/\/przychodniaken.pl\/sklep\/wp-json\/wp\/v2\/product_cat?post=1353"},{"taxonomy":"product_tag","embeddable":true,"href":"https:\/\/przychodniaken.pl\/sklep\/wp-json\/wp\/v2\/product_tag?post=1353"}],"curies":[{"name":"wp","href":"https:\/\/api.w.org\/{rel}","templated":true}]}}