{"id":1303,"date":"2024-10-08T23:09:44","date_gmt":"2024-10-08T21:09:44","guid":{"rendered":"http:\/\/przychodniaken.pl\/sklep\/?post_type=product&#038;p=1303"},"modified":"2025-04-11T18:58:36","modified_gmt":"2025-04-11T16:58:36","slug":"sonixine","status":"publish","type":"product","link":"https:\/\/przychodniaken.pl\/sklep\/produkt\/sonixine\/","title":{"rendered":"Sonixine"},"content":{"rendered":"<p><strong>Sonixine<\/strong> to innowacyjny suplement diety, kt\u00f3ry zyskuje na popularno\u015bci dzi\u0119ki swoim w\u0142a\u015bciwo\u015bciom wspieraj\u0105cym zdrowie s\u0142uchu. W dzisiejszych czasach, kiedy wiele os\u00f3b boryka si\u0119 z problemami ze s\u0142uchem, preparaty takie jak Sonixine staj\u0105 si\u0119 coraz bardziej poszukiwane. W artykule przedstawimy szczeg\u00f3\u0142owe informacje na temat dzia\u0142ania, sk\u0142adnik\u00f3w oraz wskaza\u0144 do stosowania tego suplementu.<\/p>\n<figure class=\"wp-block-table is-style-regular\">\n<table class=\"has-fixed-layout\">\n<tbody>\n<tr style=\"height: 13px;\">\n<td style=\"height: 13px;\"><strong>Nazwa produktu<\/strong><\/td>\n<td style=\"height: 13px;\">Sonixine<\/td>\n<\/tr>\n<tr style=\"height: 14px;\">\n<td style=\"height: 14px;\"><strong>Opinie o produkcie<\/strong><\/td>\n<td style=\"height: 14px;\">\u2b50\u2b50\u2b50\u2b50\u2b50<\/td>\n<\/tr>\n<tr style=\"height: 13px;\">\n<td style=\"height: 13px;\"><strong>Cena produktu<\/strong><\/td>\n<td style=\"height: 13px;\">137 z\u0142 <del>274 z\u0142<\/del><\/td>\n<\/tr>\n<tr style=\"height: 13px;\">\n<td style=\"height: 13px;\"><strong>Forma produktu<\/strong><\/td>\n<td style=\"height: 13px;\">Kapsu\u0142ki<\/td>\n<\/tr>\n<tr style=\"height: 14px;\">\n<td style=\"height: 14px;\"><strong>Sk\u0142ad produktu<\/strong><\/td>\n<td style=\"height: 14px;\">\n<ul>\n<li>Ekstrakt z Ginkgo biloba<\/li>\n<li>Cynk (tlenek cynku)<\/li>\n<li>Magnez (cytrynian magnezu)<\/li>\n<li>Kwas gamma-aminomas\u0142owy (GABA)<\/li>\n<li>Diosmina<\/li>\n<li>Kwas foliowy (witamina B9)<\/li>\n<li>Cynk (siarczan cynku)<\/li>\n<li>Kwas askorbinowy (witamina C)<\/li>\n<\/ul>\n<\/td>\n<\/tr>\n<\/tbody>\n<\/table>\n<\/figure>\n<h2>Jak dzia\u0142a Sonixine?<\/h2>\n<p>Dzia\u0142anie Sonixine opiera si\u0119 na synergicznym wp\u0142ywie sk\u0142adnik\u00f3w aktywnych, kt\u00f3re wspieraj\u0105 funkcje s\u0142uchowe. Preparat ten zawiera naturalne ekstrakty i witaminy, kt\u00f3re maj\u0105 na celu popraw\u0119 kr\u0105\u017cenia krwi w obr\u0119bie ucha wewn\u0119trznego oraz ochron\u0119 kom\u00f3rek s\u0142uchowych przed uszkodzeniami.<\/p>\n<ul>\n<li><strong>Ginkgo biloba<\/strong>: znany ze swoich w\u0142a\u015bciwo\u015bci poprawiaj\u0105cych kr\u0105\u017cenie.<\/li>\n<li><strong>Witamina C<\/strong>: dzia\u0142a jako silny antyoksydant, chroni\u0105c kom\u00f3rki przed stresem oksydacyjnym.<\/li>\n<li><strong>Kwas gamma-aminomas\u0142owy (GABA)<\/strong>: wspiera funkcje neuroprzeka\u017anik\u00f3w w m\u00f3zgu.<\/li>\n<li><strong>Hesperydyna<\/strong>: poprawia elastyczno\u015b\u0107 naczy\u0144 krwiono\u015bnych.<\/li>\n<\/ul>\n<p>Wszystkie te sk\u0142adniki wsp\u00f3\u0142dzia\u0142aj\u0105, aby wspiera\u0107 zdrowie s\u0142uchu oraz poprawi\u0107 jako\u015b\u0107 \u017cycia os\u00f3b z problemami ze s\u0142uchem. Regularne stosowanie Sonixine mo\u017ce przynie\u015b\u0107 zauwa\u017calne efekty w postaci lepszego s\u0142yszenia i og\u00f3lnego samopoczucia.<\/p>\n<h2>Wskazania do stosowania Sonixine<\/h2>\n<p>Sonixine jest polecany dla os\u00f3b, kt\u00f3re borykaj\u0105 si\u0119 z r\u00f3\u017cnymi problemami ze s\u0142uchem. Oto niekt\u00f3re z g\u0142\u00f3wnych wskaza\u0144 do stosowania:<\/p>\n<ul>\n<li><strong>Problemy ze s\u0142uchem<\/strong>: Osoby z ubytkami s\u0142uchu mog\u0105 skorzysta\u0107 z regularnego przyjmowania Sonixine.<\/li>\n<li><strong>Ha\u0142as w uszach (tinnitus)<\/strong>: Suplement mo\u017ce pom\u00f3c w redukcji objaw\u00f3w szum\u00f3w usznych.<\/li>\n<li><strong>Pogorszenie jako\u015bci s\u0142uchu zwi\u0105zane z wiekiem<\/strong>: Osoby starsze cz\u0119sto do\u015bwiadczaj\u0105 naturalnego pogorszenia s\u0142uchu, co mo\u017ce by\u0107 \u0142agodzone przez Sonixine.<\/li>\n<li><strong>Osoby nara\u017cone na ha\u0142as<\/strong>: Pracownicy w g\u0142o\u015bnych \u015brodowiskach mog\u0105 potrzebowa\u0107 wsparcia dla swojego s\u0142uchu.<\/li>\n<\/ul>\n<p>Dzi\u0119ki sk\u0142adnikom aktywnym, Sonixine ma potencja\u0142, aby poprawi\u0107 jako\u015b\u0107 \u017cycia os\u00f3b z problemami ze s\u0142uchem oraz wspiera\u0107 ich codzienne funkcjonowanie.<\/p>\n<h2>Dla kogo jest przeznaczony Sonixine?<\/h2>\n<p>Sonixine jest przeznaczony dla szerokiego grona odbiorc\u00f3w. Oto kilka grup ludzi, kt\u00f3re mog\u0105 szczeg\u00f3lnie skorzysta\u0107 z tego suplementu:<\/p>\n<ul>\n<li><strong>Seniorzy<\/strong>: Osoby starsze, kt\u00f3re naturalnie do\u015bwiadczaj\u0105 pogorszenia s\u0142uchu.<\/li>\n<li><strong>Osoby pracuj\u0105ce w ha\u0142a\u015bliwych \u015brodowiskach<\/strong>: Pracownicy fabryk, bud\u00f3w czy muzycy nara\u017ceni na d\u0142ugotrwa\u0142y ha\u0142as.<\/li>\n<li><strong>M\u0142odzie\u017c i doro\u015bli z problemami ze s\u0142uchem<\/strong>: Osoby w ka\u017cdym wieku mog\u0105 mie\u0107 problemy ze s\u0142uchem spowodowane r\u00f3\u017cnymi czynnikami.<\/li>\n<li><strong>Kto\u015b z histori\u0105 rodzinn\u0105 problem\u00f3w ze s\u0142uchem<\/strong>: Genetyka r\u00f3wnie\u017c odgrywa rol\u0119 w zdrowiu s\u0142uchowym.<\/li>\n<\/ul>\n<p>Sonixine jest bezpieczny dla wi\u0119kszo\u015bci ludzi, ale zawsze warto skonsultowa\u0107 si\u0119 z lekarzem przed rozpocz\u0119ciem suplementacji, szczeg\u00f3lnie je\u015bli przyjmujesz inne leki lub masz istniej\u0105ce schorzenia zdrowotne.<\/p>\n<h2>Sk\u0142ad Sonixine<\/h2>\n<p>Sonixine zawiera starannie dobran\u0105 mieszank\u0119 sk\u0142adnik\u00f3w aktywnych, kt\u00f3re wspieraj\u0105 zdrowie s\u0142uchu. Oto lista kluczowych sk\u0142adnik\u00f3w:<\/p>\n<ul>\n<li><strong>Ekstrakt z Ginkgo biloba<\/strong><\/li>\n<li><strong>Kwas gamma-aminomas\u0142owy (GABA)<\/strong><\/li>\n<li><strong>Hesperydyna<\/strong><\/li>\n<li><strong>Diosmina<\/strong><\/li>\n<li><strong>Witamina C<\/strong><\/li>\n<li><strong>Witamina E<\/strong><\/li>\n<li><strong>Witamina B3 (niacyna)<\/strong><\/li>\n<li><strong>Witamina A<\/strong><\/li>\n<\/ul>\n<p>Suma tych sk\u0142adnik\u00f3w sprawia, \u017ce Sonixine jest skutecznym wsparciem dla os\u00f3b borykaj\u0105cych si\u0119 z problemami ze s\u0142uchem. Ka\u017cdy sk\u0142adnik zosta\u0142 wybrany ze wzgl\u0119du na swoje unikalne w\u0142a\u015bciwo\u015bci i korzy\u015bci zdrowotne.<\/p>\n<h2>Jak stosowa\u0107 Sonixine?<\/h2>\n<p>Stosowanie <strong>Sonixine<\/strong> jest niezwykle proste i wygodne, co czyni go idealnym rozwi\u0105zaniem dla os\u00f3b z problemami ze s\u0142uchem. Zaleca si\u0119 przyjmowanie dw\u00f3ch kapsu\u0142ek dziennie \u2013 jednej rano i jednej wieczorem. Wa\u017cne jest, aby popija\u0107 je du\u017c\u0105 ilo\u015bci\u0105 wody, co u\u0142atwia ich wch\u0142anianie w organizmie.<\/p>\n<p>Optymalne rezultaty mo\u017cna osi\u0105gn\u0105\u0107 poprzez regularne stosowanie suplementu przez co najmniej kilka tygodni. Warto pami\u0119ta\u0107, \u017ce efekty mog\u0105 by\u0107 zauwa\u017calne ju\u017c po pierwszym miesi\u0105cu stosowania, jednak dla pe\u0142nej poprawy zdrowia s\u0142uchu zaleca si\u0119 kontynuowanie suplementacji przez d\u0142u\u017cszy czas.<\/p>\n<p>W przypadku os\u00f3b starszych lub tych z powa\u017cniejszymi problemami ze s\u0142uchem, konsultacja z lekarzem przed rozpocz\u0119ciem suplementacji jest wskazana. Specjalista mo\u017ce dostosowa\u0107 dawkowanie do indywidualnych potrzeb pacjenta, co zwi\u0119ksza skuteczno\u015b\u0107 dzia\u0142ania Sonixine.<\/p>\n<h2>Dawkowanie Sonixine<\/h2>\n<p>Zalecane dawkowanie <strong>Sonixine<\/strong> to dwie kapsu\u0142ki dziennie. Mo\u017cna je przyjmowa\u0107 o dowolnej porze dnia, jednak najlepiej jest ustali\u0107 sta\u0142y rytm przyjmowania, aby nie zapomnie\u0107 o kolejnej dawce. Przyjmowanie kapsu\u0142ek z posi\u0142kiem mo\u017ce wspiera\u0107 ich wch\u0142anianie i dzia\u0142anie.<\/p>\n<p>W przypadku pomini\u0119cia dawki, nale\u017cy j\u0105 przyj\u0105\u0107 jak najszybciej, chyba \u017ce zbli\u017ca si\u0119 pora kolejnej dawki. W takim przypadku lepiej pomin\u0105\u0107 pomini\u0119t\u0105 dawk\u0119 i wr\u00f3ci\u0107 do regularnego schematu. Nie nale\u017cy podwaja\u0107 dawki, aby zrekompensowa\u0107 pomini\u0119t\u0105 kapsu\u0142k\u0119.<\/p>\n<p>Osoby przyjmuj\u0105ce inne leki lub maj\u0105ce przewlek\u0142e schorzenia powinny skonsultowa\u0107 si\u0119 z lekarzem przed rozpocz\u0119ciem suplementacji Sonixine, aby unikn\u0105\u0107 potencjalnych interakcji.<\/p>\n<h2>Przeciwwskazania do stosowania Sonixine<\/h2>\n<p>Podobnie jak ka\u017cdy suplement diety, <strong>Sonixine<\/strong> ma swoje przeciwwskazania. Przede wszystkim nie powinien by\u0107 stosowany przez osoby uczulone na kt\u00f3rykolwiek ze sk\u0142adnik\u00f3w preparatu. Osoby z chorobami przewlek\u0142ymi lub przyjmuj\u0105ce leki powinny skonsultowa\u0107 si\u0119 z lekarzem przed rozpocz\u0119ciem kuracji.<\/p>\n<ul>\n<li><strong>Alergie:<\/strong> Osoby z alergiami na sk\u0142adniki aktywne powinny unika\u0107 stosowania Sonixine.<\/li>\n<li><strong>Ci\u0105\u017ca i karmienie piersi\u0105:<\/strong> Kobiety w ci\u0105\u017cy lub karmi\u0105ce powinny skonsultowa\u0107 si\u0119 z lekarzem przed u\u017cyciem suplementu.<\/li>\n<li><strong>Powa\u017cne schorzenia:<\/strong> Osoby z powa\u017cnymi schorzeniami serca lub uk\u0142adu kr\u0105\u017cenia powinny zachowa\u0107 ostro\u017cno\u015b\u0107.<\/li>\n<\/ul>\n<p>Przeciwwskazania te s\u0105 istotne dla zapewnienia bezpiecze\u0144stwa u\u017cytkownik\u00f3w oraz maksymalizacji korzy\u015bci p\u0142yn\u0105cych z suplementacji.<\/p>\n<h2>Skutki uboczne Sonixine<\/h2>\n<p>Chocia\u017c <strong>Sonixine<\/strong> jest uwa\u017cany za bezpieczny suplement diety, niekt\u00f3rzy u\u017cytkownicy mog\u0105 do\u015bwiadcza\u0107 skutk\u00f3w ubocznych. W\u015br\u00f3d najcz\u0119\u015bciej zg\u0142aszanych objaw\u00f3w znajduj\u0105 si\u0119:<\/p>\n<ul>\n<li><strong>Nudno\u015bci:<\/strong> Niekt\u00f3re osoby mog\u0105 odczuwa\u0107 nudno\u015bci po przyj\u0119ciu kapsu\u0142ek.<\/li>\n<li><strong>B\u00f3le g\u0142owy:<\/strong> U\u017cytkownicy zg\u0142aszaj\u0105 sporadyczne b\u00f3le g\u0142owy, kt\u00f3re mog\u0105 by\u0107 zwi\u0105zane ze sk\u0142adnikami aktywnymi.<\/li>\n<li><strong>Zaburzenia \u017co\u0142\u0105dkowo-jelitowe:<\/strong> W rzadkich przypadkach mog\u0105 wyst\u0105pi\u0107 problemy trawienne, takie jak biegunka czy wzd\u0119cia.<\/li>\n<\/ul>\n<p>W przypadku wyst\u0105pienia powy\u017cszych objaw\u00f3w zaleca si\u0119 przerwanie stosowania suplementu i konsultacj\u0119 z lekarzem. Wa\u017cne jest r\u00f3wnie\u017c monitorowanie reakcji organizmu na nowy suplement diety.<\/p>\n<h2>Sonixine \u2013 Efekty stosowania<\/h2>\n<p>Regularne stosowanie <strong>Sonixine<\/strong> przynosi szereg pozytywnych efekt\u00f3w dla zdrowia s\u0142uchu. U\u017cytkownicy cz\u0119sto zauwa\u017caj\u0105 popraw\u0119 jako\u015bci s\u0142uchu oraz redukcj\u0119 szum\u00f3w usznych ju\u017c po kilku tygodniach kuracji. Oto niekt\u00f3re z efekt\u00f3w, kt\u00f3re mo\u017cna osi\u0105gn\u0105\u0107 dzi\u0119ki suplementacji:<\/p>\n<ul>\n<li><strong>Poprawa zdolno\u015bci s\u0142yszenia:<\/strong> U\u017cytkownicy zg\u0142aszaj\u0105 lepsz\u0105 zdolno\u015b\u0107 do s\u0142yszenia cichych d\u017awi\u0119k\u00f3w oraz wyra\u017aniejsze odbieranie mowy w ha\u0142a\u015bliwych \u015brodowiskach.<\/li>\n<li><strong>Zredukowane szumy uszne:<\/strong> Wiele os\u00f3b zauwa\u017ca znaczn\u0105 redukcj\u0119 uci\u0105\u017cliwych szum\u00f3w usznych, co wp\u0142ywa na ich komfort \u017cycia.<\/li>\n<li><strong>Lepiej funkcjonuj\u0105cy narz\u0105d s\u0142uchu:<\/strong> Suplement wspiera regeneracj\u0119 kom\u00f3rek s\u0142uchowych oraz poprawia kr\u0105\u017cenie krwi w obr\u0119bie ucha wewn\u0119trznego.<\/li>\n<\/ul>\n<h2>Opinie i recenzje Sonixine<\/h2>\n<p>Zar\u00f3wno pozytywne, jak i negatywne opinie na temat <strong>Sonixine<\/strong> mo\u017cna znale\u017a\u0107 w Internecie. Wiele os\u00f3b chwali ten produkt za jego skuteczno\u015b\u0107 oraz naturalny sk\u0142ad. Oto przyk\u0142ady pozytywnych opinii:<\/p>\n<ul>\n<li>&#8222;Po kilku tygodniach stosowania zauwa\u017cy\u0142em znaczn\u0105 popraw\u0119 swojego s\u0142uchu!&#8221;<\/li>\n<li>&#8222;Szumy uszne znacznie si\u0119 zmniejszy\u0142y, a ja mog\u0119 spokojnie funkcjonowa\u0107.&#8221;<\/li>\n<\/ul>\n<p>Niemniej jednak niekt\u00f3rzy u\u017cytkownicy zg\u0142aszaj\u0105 r\u00f3wnie\u017c negatywne do\u015bwiadczenia:<\/p>\n<ul>\n<li>&#8222;Nie zauwa\u017cy\u0142em \u017cadnej r\u00f3\u017cnicy po kilku miesi\u0105cach stosowania.&#8221;<\/li>\n<li>&#8222;Mia\u0142em problemy \u017co\u0142\u0105dkowe po rozpocz\u0119ciu kuracji.&#8221;<\/li>\n<\/ul>\n<h2>Zalecenia specjalist\u00f3w dotycz\u0105ce Sonixine<\/h2>\n<p>Spezjali\u015bci cz\u0119sto rekomenduj\u0105 <strong>Sonixine<\/strong>, podkre\u015blaj\u0105c jego naturalny sk\u0142ad oraz pozytywne efekty dla zdrowia s\u0142uchu. Eksperci zwracaj\u0105 uwag\u0119 na znaczenie regularno\u015bci w stosowaniu oraz konsultacje przed rozpocz\u0119ciem kuracji dla os\u00f3b z istniej\u0105cymi schorzeniami zdrowotnymi. Zgodnie z ich opiniami, odpowiednie dawkowanie i czas stosowania s\u0105 kluczowe dla uzyskania najlepszych rezultat\u00f3w.<\/p>\n","protected":false},"excerpt":{"rendered":"<p>Sonixine to innowacyjny suplement diety, kt\u00f3ry zyskuje na popularno\u015bci dzi\u0119ki swoim w\u0142a\u015bciwo\u015bciom wspieraj\u0105cym zdrowie s\u0142uchu. W dzisiejszych czasach, kiedy wiele os\u00f3b boryka si\u0119 z problemami ze s\u0142uchem, preparaty takie jak Sonixine staj\u0105 si\u0119 coraz bardziej poszukiwane. W artykule przedstawimy szczeg\u00f3\u0142owe informacje na temat dzia\u0142ania, sk\u0142adnik\u00f3w oraz wskaza\u0144 do stosowania tego suplementu. Nazwa produktu Sonixine Opinie &#8230; <a title=\"Sonixine\" class=\"read-more\" href=\"https:\/\/przychodniaken.pl\/sklep\/produkt\/sonixine\/\" aria-label=\"Read more about Sonixine\">Dowiedz si\u0119 wi\u0119cej<\/a><\/p>\n","protected":false},"featured_media":1304,"template":"","meta":[],"product_cat":[28],"product_tag":[],"class_list":{"0":"post-1303","1":"product","2":"type-product","3":"status-publish","4":"has-post-thumbnail","6":"product_cat-zdrowie","7":"sales-flash-overlay","8":"woocommerce-text-align-left","9":"woocommerce-image-align-center","10":"do-quantity-buttons","12":"first","13":"instock","14":"sale","15":"shipping-taxable","16":"purchasable","17":"product-type-simple"},"yoast_head":"<!-- This site is optimized with the Yoast SEO plugin v23.6 - https:\/\/yoast.com\/wordpress\/plugins\/seo\/ -->\n<title>Sonixine - Poznaj opinie ludzi, Sk\u0142ad, Efekty, Czy to dzia\u0142a?<\/title>\n<meta name=\"robots\" content=\"index, follow, max-snippet:-1, max-image-preview:large, max-video-preview:-1\" \/>\n<link rel=\"canonical\" href=\"https:\/\/przychodniaken.pl\/sklep\/produkt\/sonixine\/\" \/>\n<meta property=\"og:locale\" content=\"pl_PL\" \/>\n<meta property=\"og:type\" content=\"article\" \/>\n<meta property=\"og:title\" content=\"Sonixine - Poznaj opinie ludzi, Sk\u0142ad, Efekty, Czy to dzia\u0142a?\" \/>\n<meta property=\"og:description\" content=\"Sonixine to innowacyjny suplement diety, kt\u00f3ry zyskuje na popularno\u015bci dzi\u0119ki swoim w\u0142a\u015bciwo\u015bciom wspieraj\u0105cym zdrowie s\u0142uchu. W dzisiejszych czasach, kiedy wiele os\u00f3b boryka si\u0119 z problemami ze s\u0142uchem, preparaty takie jak Sonixine staj\u0105 si\u0119 coraz bardziej poszukiwane. W artykule przedstawimy szczeg\u00f3\u0142owe informacje na temat dzia\u0142ania, sk\u0142adnik\u00f3w oraz wskaza\u0144 do stosowania tego suplementu. Nazwa produktu Sonixine Opinie ... Dowiedz si\u0119 wi\u0119cej\" \/>\n<meta property=\"og:url\" content=\"https:\/\/przychodniaken.pl\/sklep\/produkt\/sonixine\/\" \/>\n<meta property=\"og:site_name\" content=\"Przychodniaken.pl\" \/>\n<meta property=\"article:modified_time\" content=\"2025-04-11T16:58:36+00:00\" \/>\n<meta property=\"og:image\" content=\"https:\/\/przychodniaken.pl\/sklep\/wp-content\/uploads\/2024\/10\/sonixine-opinie.png\" \/>\n\t<meta property=\"og:image:width\" content=\"600\" \/>\n\t<meta property=\"og:image:height\" content=\"600\" \/>\n\t<meta property=\"og:image:type\" content=\"image\/png\" \/>\n<meta name=\"twitter:card\" content=\"summary_large_image\" \/>\n<meta name=\"twitter:label1\" content=\"Szacowany czas czytania\" \/>\n\t<meta name=\"twitter:data1\" content=\"7 minut\" \/>\n<script type=\"application\/ld+json\" class=\"yoast-schema-graph\">{\"@context\":\"https:\/\/schema.org\",\"@graph\":[{\"@type\":\"WebPage\",\"@id\":\"https:\/\/przychodniaken.pl\/sklep\/produkt\/sonixine\/\",\"url\":\"https:\/\/przychodniaken.pl\/sklep\/produkt\/sonixine\/\",\"name\":\"Sonixine - Poznaj opinie ludzi, Sk\u0142ad, Efekty, Czy to dzia\u0142a?\",\"isPartOf\":{\"@id\":\"https:\/\/przychodniaken.pl\/sklep\/#website\"},\"primaryImageOfPage\":{\"@id\":\"https:\/\/przychodniaken.pl\/sklep\/produkt\/sonixine\/#primaryimage\"},\"image\":{\"@id\":\"https:\/\/przychodniaken.pl\/sklep\/produkt\/sonixine\/#primaryimage\"},\"thumbnailUrl\":\"https:\/\/przychodniaken.pl\/sklep\/wp-content\/uploads\/2024\/10\/sonixine-opinie.png\",\"datePublished\":\"2024-10-08T21:09:44+00:00\",\"dateModified\":\"2025-04-11T16:58:36+00:00\",\"breadcrumb\":{\"@id\":\"https:\/\/przychodniaken.pl\/sklep\/produkt\/sonixine\/#breadcrumb\"},\"inLanguage\":\"pl-PL\",\"potentialAction\":[{\"@type\":\"ReadAction\",\"target\":[\"https:\/\/przychodniaken.pl\/sklep\/produkt\/sonixine\/\"]}]},{\"@type\":\"ImageObject\",\"inLanguage\":\"pl-PL\",\"@id\":\"https:\/\/przychodniaken.pl\/sklep\/produkt\/sonixine\/#primaryimage\",\"url\":\"https:\/\/przychodniaken.pl\/sklep\/wp-content\/uploads\/2024\/10\/sonixine-opinie.png\",\"contentUrl\":\"https:\/\/przychodniaken.pl\/sklep\/wp-content\/uploads\/2024\/10\/sonixine-opinie.png\",\"width\":600,\"height\":600},{\"@type\":\"BreadcrumbList\",\"@id\":\"https:\/\/przychodniaken.pl\/sklep\/produkt\/sonixine\/#breadcrumb\",\"itemListElement\":[{\"@type\":\"ListItem\",\"position\":1,\"name\":\"Strona g\u0142\u00f3wna\",\"item\":\"https:\/\/przychodniaken.pl\/sklep\/\"},{\"@type\":\"ListItem\",\"position\":2,\"name\":\"Produkty\",\"item\":\"https:\/\/przychodniaken.pl\/sklep\/shop\/\"},{\"@type\":\"ListItem\",\"position\":3,\"name\":\"Sonixine\"}]},{\"@type\":\"WebSite\",\"@id\":\"https:\/\/przychodniaken.pl\/sklep\/#website\",\"url\":\"https:\/\/przychodniaken.pl\/sklep\/\",\"name\":\"Przychodniaken.pl\",\"description\":\"\",\"potentialAction\":[{\"@type\":\"SearchAction\",\"target\":{\"@type\":\"EntryPoint\",\"urlTemplate\":\"https:\/\/przychodniaken.pl\/sklep\/?s={search_term_string}\"},\"query-input\":{\"@type\":\"PropertyValueSpecification\",\"valueRequired\":true,\"valueName\":\"search_term_string\"}}],\"inLanguage\":\"pl-PL\"}]}<\/script>\n<!-- \/ Yoast SEO plugin. -->","yoast_head_json":{"title":"Sonixine - Poznaj opinie ludzi, Sk\u0142ad, Efekty, Czy to dzia\u0142a?","robots":{"index":"index","follow":"follow","max-snippet":"max-snippet:-1","max-image-preview":"max-image-preview:large","max-video-preview":"max-video-preview:-1"},"canonical":"https:\/\/przychodniaken.pl\/sklep\/produkt\/sonixine\/","og_locale":"pl_PL","og_type":"article","og_title":"Sonixine - Poznaj opinie ludzi, Sk\u0142ad, Efekty, Czy to dzia\u0142a?","og_description":"Sonixine to innowacyjny suplement diety, kt\u00f3ry zyskuje na popularno\u015bci dzi\u0119ki swoim w\u0142a\u015bciwo\u015bciom wspieraj\u0105cym zdrowie s\u0142uchu. W dzisiejszych czasach, kiedy wiele os\u00f3b boryka si\u0119 z problemami ze s\u0142uchem, preparaty takie jak Sonixine staj\u0105 si\u0119 coraz bardziej poszukiwane. W artykule przedstawimy szczeg\u00f3\u0142owe informacje na temat dzia\u0142ania, sk\u0142adnik\u00f3w oraz wskaza\u0144 do stosowania tego suplementu. Nazwa produktu Sonixine Opinie ... Dowiedz si\u0119 wi\u0119cej","og_url":"https:\/\/przychodniaken.pl\/sklep\/produkt\/sonixine\/","og_site_name":"Przychodniaken.pl","article_modified_time":"2025-04-11T16:58:36+00:00","og_image":[{"width":600,"height":600,"url":"https:\/\/przychodniaken.pl\/sklep\/wp-content\/uploads\/2024\/10\/sonixine-opinie.png","type":"image\/png"}],"twitter_card":"summary_large_image","twitter_misc":{"Szacowany czas czytania":"7 minut"},"schema":{"@context":"https:\/\/schema.org","@graph":[{"@type":"WebPage","@id":"https:\/\/przychodniaken.pl\/sklep\/produkt\/sonixine\/","url":"https:\/\/przychodniaken.pl\/sklep\/produkt\/sonixine\/","name":"Sonixine - Poznaj opinie ludzi, Sk\u0142ad, Efekty, Czy to dzia\u0142a?","isPartOf":{"@id":"https:\/\/przychodniaken.pl\/sklep\/#website"},"primaryImageOfPage":{"@id":"https:\/\/przychodniaken.pl\/sklep\/produkt\/sonixine\/#primaryimage"},"image":{"@id":"https:\/\/przychodniaken.pl\/sklep\/produkt\/sonixine\/#primaryimage"},"thumbnailUrl":"https:\/\/przychodniaken.pl\/sklep\/wp-content\/uploads\/2024\/10\/sonixine-opinie.png","datePublished":"2024-10-08T21:09:44+00:00","dateModified":"2025-04-11T16:58:36+00:00","breadcrumb":{"@id":"https:\/\/przychodniaken.pl\/sklep\/produkt\/sonixine\/#breadcrumb"},"inLanguage":"pl-PL","potentialAction":[{"@type":"ReadAction","target":["https:\/\/przychodniaken.pl\/sklep\/produkt\/sonixine\/"]}]},{"@type":"ImageObject","inLanguage":"pl-PL","@id":"https:\/\/przychodniaken.pl\/sklep\/produkt\/sonixine\/#primaryimage","url":"https:\/\/przychodniaken.pl\/sklep\/wp-content\/uploads\/2024\/10\/sonixine-opinie.png","contentUrl":"https:\/\/przychodniaken.pl\/sklep\/wp-content\/uploads\/2024\/10\/sonixine-opinie.png","width":600,"height":600},{"@type":"BreadcrumbList","@id":"https:\/\/przychodniaken.pl\/sklep\/produkt\/sonixine\/#breadcrumb","itemListElement":[{"@type":"ListItem","position":1,"name":"Strona g\u0142\u00f3wna","item":"https:\/\/przychodniaken.pl\/sklep\/"},{"@type":"ListItem","position":2,"name":"Produkty","item":"https:\/\/przychodniaken.pl\/sklep\/shop\/"},{"@type":"ListItem","position":3,"name":"Sonixine"}]},{"@type":"WebSite","@id":"https:\/\/przychodniaken.pl\/sklep\/#website","url":"https:\/\/przychodniaken.pl\/sklep\/","name":"Przychodniaken.pl","description":"","potentialAction":[{"@type":"SearchAction","target":{"@type":"EntryPoint","urlTemplate":"https:\/\/przychodniaken.pl\/sklep\/?s={search_term_string}"},"query-input":{"@type":"PropertyValueSpecification","valueRequired":true,"valueName":"search_term_string"}}],"inLanguage":"pl-PL"}]}},"_links":{"self":[{"href":"https:\/\/przychodniaken.pl\/sklep\/wp-json\/wp\/v2\/product\/1303","targetHints":{"allow":["GET"]}}],"collection":[{"href":"https:\/\/przychodniaken.pl\/sklep\/wp-json\/wp\/v2\/product"}],"about":[{"href":"https:\/\/przychodniaken.pl\/sklep\/wp-json\/wp\/v2\/types\/product"}],"wp:featuredmedia":[{"embeddable":true,"href":"https:\/\/przychodniaken.pl\/sklep\/wp-json\/wp\/v2\/media\/1304"}],"wp:attachment":[{"href":"https:\/\/przychodniaken.pl\/sklep\/wp-json\/wp\/v2\/media?parent=1303"}],"wp:term":[{"taxonomy":"product_cat","embeddable":true,"href":"https:\/\/przychodniaken.pl\/sklep\/wp-json\/wp\/v2\/product_cat?post=1303"},{"taxonomy":"product_tag","embeddable":true,"href":"https:\/\/przychodniaken.pl\/sklep\/wp-json\/wp\/v2\/product_tag?post=1303"}],"curies":[{"name":"wp","href":"https:\/\/api.w.org\/{rel}","templated":true}]}}